{"id":28490,"date":"2025-09-25T11:00:05","date_gmt":"2025-09-25T11:00:05","guid":{"rendered":"https:\/\/accrosport.tn\/index.php\/product\/short-nobel-blanco\/"},"modified":"2026-04-15T13:39:34","modified_gmt":"2026-04-15T13:39:34","slug":"short-nobel-blanco","status":"publish","type":"product","link":"https:\/\/accrosport.tn\/index.php\/product\/short-nobel-blanco\/","title":{"rendered":"Short homme Nobel blanc"},"content":{"rendered":"<p>Ce short se caract\u00e9rise par sa r\u00e9sistance et son \u00e9lasticit\u00e9. L&rsquo;int\u00e9rieur et l&rsquo;ext\u00e9rieur sont confectionn\u00e9s dans le m\u00eame tissu. Id\u00e9al pour la pratique sportive de haut niveau. Taille \u00e9lastique ajustable avec cordon de serrage.<\/p>\n","protected":false},"excerpt":{"rendered":"<p>Short de sport pour homme\/gar\u00e7on. Ses deux principaux atouts sont sa grande r\u00e9sistance et son \u00e9lasticit\u00e9. De plus, il s&rsquo;ajuste \u00e0 la silhouette de l&rsquo;athl\u00e8te pour un confort optimal. Id\u00e9al pour le sport professionnel.<\/p>\n","protected":false},"featured_media":33794,"template":"","meta":[],"product_brand":[],"product_cat":[62,33],"product_tag":[],"class_list":{"0":"post-28490","1":"product","2":"type-product","3":"status-publish","4":"has-post-thumbnail","6":"product_cat-bermudas-et-shorts-homme","7":"product_cat-homme","8":"pa_couleur-blanco","9":"pa_taille-2xl-3xl","10":"pa_taille-4xs-3xs","11":"pa_taille-6xs-5xs","12":"pa_taille-l","13":"pa_taille-m","14":"pa_taille-s","15":"pa_taille-xl","16":"pa_taille-xs","18":"first","19":"outofstock","20":"purchasable","21":"product-type-variable"},"_links":{"self":[{"href":"https:\/\/accrosport.tn\/index.php\/wp-json\/wp\/v2\/product\/28490","targetHints":{"allow":["GET"]}}],"collection":[{"href":"https:\/\/accrosport.tn\/index.php\/wp-json\/wp\/v2\/product"}],"about":[{"href":"https:\/\/accrosport.tn\/index.php\/wp-json\/wp\/v2\/types\/product"}],"wp:featuredmedia":[{"embeddable":true,"href":"https:\/\/accrosport.tn\/index.php\/wp-json\/wp\/v2\/media\/33794"}],"wp:attachment":[{"href":"https:\/\/accrosport.tn\/index.php\/wp-json\/wp\/v2\/media?parent=28490"}],"wp:term":[{"taxonomy":"product_brand","embeddable":true,"href":"https:\/\/accrosport.tn\/index.php\/wp-json\/wp\/v2\/product_brand?post=28490"},{"taxonomy":"product_cat","embeddable":true,"href":"https:\/\/accrosport.tn\/index.php\/wp-json\/wp\/v2\/product_cat?post=28490"},{"taxonomy":"product_tag","embeddable":true,"href":"https:\/\/accrosport.tn\/index.php\/wp-json\/wp\/v2\/product_tag?post=28490"}],"curies":[{"name":"wp","href":"https:\/\/api.w.org\/{rel}","templated":true}]}}