{"id":28460,"date":"2025-09-25T10:59:59","date_gmt":"2025-09-25T10:59:59","guid":{"rendered":"https:\/\/accrosport.tn\/index.php\/product\/camiseta-combi-gris-melange-claro-m-c\/"},"modified":"2025-11-08T14:49:46","modified_gmt":"2025-11-08T14:49:46","slug":"camiseta-combi-gris-melange-claro-m-c","status":"publish","type":"product","link":"https:\/\/accrosport.tn\/index.php\/product\/camiseta-combi-gris-melange-claro-m-c\/","title":{"rendered":"T-shirt manches courtes homme Combi gris m\u00e9lange"},"content":{"rendered":"<p>T-shirt \u00e0 manches courtes pour homme\/gar\u00e7on, con\u00e7u pour la pratique sportive et adapt\u00e9 aux entra\u00eenements et aux comp\u00e9titions de sports tels que le football. Gr\u00e2ce \u00e0 sa r\u00e9sistance, sa l\u00e9g\u00e8ret\u00e9 et sa respirabilit\u00e9, ce t-shirt est synonyme de confort pour le sportif. De plus, sa silhouette ample vous permettra de jouer confortablement.<\/p>\n<p>Il se caract\u00e9rise par son col rond extensible pour un ajustement plus confortable. De plus, ce t-shirt de sport permettra au sportif de bouger en toute libert\u00e9.<\/p>\n<p>Logo Joma s\u00e9rigraphi\u00e9.<\/p>\n","protected":false},"excerpt":{"rendered":"<p>T-shirt multisport manches courtes homme\/gar\u00e7on. Design uni basique. Ce T-shirt respirant offre une excellente a\u00e9ration et permet au corps de rester au sec pendant la pratique sportive.<\/p>\n","protected":false},"featured_media":33822,"template":"","meta":[],"product_brand":[],"product_cat":[33,63],"product_tag":[],"class_list":{"0":"post-28460","1":"product","2":"type-product","3":"status-publish","4":"has-post-thumbnail","6":"product_cat-homme","7":"product_cat-polos-et-t-shirt-homme","8":"pa_couleur-melange-gray","9":"pa_taille-2xs","10":"pa_taille-l","11":"pa_taille-s","12":"pa_taille-xl","13":"pa_taille-xs","15":"first","16":"outofstock","17":"purchasable","18":"product-type-variable"},"_links":{"self":[{"href":"https:\/\/accrosport.tn\/index.php\/wp-json\/wp\/v2\/product\/28460","targetHints":{"allow":["GET"]}}],"collection":[{"href":"https:\/\/accrosport.tn\/index.php\/wp-json\/wp\/v2\/product"}],"about":[{"href":"https:\/\/accrosport.tn\/index.php\/wp-json\/wp\/v2\/types\/product"}],"wp:featuredmedia":[{"embeddable":true,"href":"https:\/\/accrosport.tn\/index.php\/wp-json\/wp\/v2\/media\/33822"}],"wp:attachment":[{"href":"https:\/\/accrosport.tn\/index.php\/wp-json\/wp\/v2\/media?parent=28460"}],"wp:term":[{"taxonomy":"product_brand","embeddable":true,"href":"https:\/\/accrosport.tn\/index.php\/wp-json\/wp\/v2\/product_brand?post=28460"},{"taxonomy":"product_cat","embeddable":true,"href":"https:\/\/accrosport.tn\/index.php\/wp-json\/wp\/v2\/product_cat?post=28460"},{"taxonomy":"product_tag","embeddable":true,"href":"https:\/\/accrosport.tn\/index.php\/wp-json\/wp\/v2\/product_tag?post=28460"}],"curies":[{"name":"wp","href":"https:\/\/api.w.org\/{rel}","templated":true}]}}