{"id":28447,"date":"2025-09-25T10:59:54","date_gmt":"2025-09-25T10:59:54","guid":{"rendered":"https:\/\/accrosport.tn\/index.php\/product\/camiseta-combi-negro-m-c\/"},"modified":"2026-02-23T20:23:57","modified_gmt":"2026-02-23T20:23:57","slug":"camiseta-combi-negro-m-c","status":"publish","type":"product","link":"https:\/\/accrosport.tn\/index.php\/product\/camiseta-combi-negro-m-c\/","title":{"rendered":"T-shirt noir \u00e0 manches courtes pour homme Combi"},"content":{"rendered":"<p>T-shirt \u00e0 manches courtes pour homme\/gar\u00e7on, con\u00e7u pour la pratique sportive et id\u00e9al pour les entra\u00eenements et les comp\u00e9titions dans des sports comme le football. Gr\u00e2ce \u00e0 sa durabilit\u00e9, sa l\u00e9g\u00e8ret\u00e9 et sa respirabilit\u00e9, ce t-shirt offre un confort optimal aux athl\u00e8tes. De plus, sa coupe ample assure un confort optimal pendant le jeu.<\/p>\n<p>Dot\u00e9 d&rsquo;une encolure ronde extensible pour un confort optimal, ce t-shirt de sport offre \u00e9galement aux athl\u00e8tes une grande libert\u00e9 de mouvement.<\/p>\n<p>Logo Joma s\u00e9rigraphi\u00e9.<\/p>\n","protected":false},"excerpt":{"rendered":"<p>T-shirt multisports \u00e0 manches courtes pour homme\/gar\u00e7on. Design simple et sobre. Respirant, il laisse respirer le corps et le maintient au sec pendant l&rsquo;effort.<\/p>\n","protected":false},"featured_media":33845,"template":"","meta":[],"product_brand":[],"product_cat":[33,63],"product_tag":[],"class_list":{"0":"post-28447","1":"product","2":"type-product","3":"status-publish","4":"has-post-thumbnail","6":"product_cat-homme","7":"product_cat-polos-et-t-shirt-homme","8":"pa_couleur-noir","9":"pa_taille-2xs","10":"pa_taille-m","11":"pa_taille-xl","12":"pa_taille-xs","14":"first","15":"outofstock","16":"purchasable","17":"product-type-variable"},"_links":{"self":[{"href":"https:\/\/accrosport.tn\/index.php\/wp-json\/wp\/v2\/product\/28447","targetHints":{"allow":["GET"]}}],"collection":[{"href":"https:\/\/accrosport.tn\/index.php\/wp-json\/wp\/v2\/product"}],"about":[{"href":"https:\/\/accrosport.tn\/index.php\/wp-json\/wp\/v2\/types\/product"}],"wp:featuredmedia":[{"embeddable":true,"href":"https:\/\/accrosport.tn\/index.php\/wp-json\/wp\/v2\/media\/33845"}],"wp:attachment":[{"href":"https:\/\/accrosport.tn\/index.php\/wp-json\/wp\/v2\/media?parent=28447"}],"wp:term":[{"taxonomy":"product_brand","embeddable":true,"href":"https:\/\/accrosport.tn\/index.php\/wp-json\/wp\/v2\/product_brand?post=28447"},{"taxonomy":"product_cat","embeddable":true,"href":"https:\/\/accrosport.tn\/index.php\/wp-json\/wp\/v2\/product_cat?post=28447"},{"taxonomy":"product_tag","embeddable":true,"href":"https:\/\/accrosport.tn\/index.php\/wp-json\/wp\/v2\/product_tag?post=28447"}],"curies":[{"name":"wp","href":"https:\/\/api.w.org\/{rel}","templated":true}]}}