{"id":28443,"date":"2025-09-25T10:59:54","date_gmt":"2025-09-25T10:59:54","guid":{"rendered":"https:\/\/accrosport.tn\/index.php\/product\/pantalon-largo-staff-marino\/"},"modified":"2025-10-09T14:46:19","modified_gmt":"2025-10-09T14:46:19","slug":"pantalon-largo-staff-marino","status":"publish","type":"product","link":"https:\/\/accrosport.tn\/index.php\/product\/pantalon-largo-staff-marino\/","title":{"rendered":"Pantalon homme Staff bleu marine"},"content":{"rendered":"<p>Pantalon long avec un design skinny et une ouverture sur le c\u00f4t\u00e9 avec des fermetures \u00e9clair et des poches soufflet c\u00f4t\u00e9 cuisse pour le mettre et l&rsquo;enlever facilement. Avec des poches \u00e0 fermeture \u00e9clair et une ceinture \u00e9lastique pour un ajustement optimal.<\/p>\n","protected":false},"excerpt":{"rendered":"<p>Pantalon homme\/gar\u00e7on adapt\u00e9 \u00e0 diff\u00e9rents sports. Tissu r\u00e9sistant qui s&rsquo;adapte au corps et coupe ample pour plus de confort. Vous pouvez \u00e9galement le porter au quotidien pour un look sportif.<\/p>\n","protected":false},"featured_media":33840,"template":"","meta":[],"product_brand":[],"product_cat":[33,64],"product_tag":[],"class_list":{"0":"post-28443","1":"product","2":"type-product","3":"status-publish","4":"has-post-thumbnail","6":"product_cat-homme","7":"product_cat-survetements-homme","8":"pa_couleur-marino","9":"pa_taille-l","10":"pa_taille-m","11":"pa_taille-s","13":"first","14":"outofstock","15":"purchasable","16":"product-type-variable"},"_links":{"self":[{"href":"https:\/\/accrosport.tn\/index.php\/wp-json\/wp\/v2\/product\/28443","targetHints":{"allow":["GET"]}}],"collection":[{"href":"https:\/\/accrosport.tn\/index.php\/wp-json\/wp\/v2\/product"}],"about":[{"href":"https:\/\/accrosport.tn\/index.php\/wp-json\/wp\/v2\/types\/product"}],"wp:featuredmedia":[{"embeddable":true,"href":"https:\/\/accrosport.tn\/index.php\/wp-json\/wp\/v2\/media\/33840"}],"wp:attachment":[{"href":"https:\/\/accrosport.tn\/index.php\/wp-json\/wp\/v2\/media?parent=28443"}],"wp:term":[{"taxonomy":"product_brand","embeddable":true,"href":"https:\/\/accrosport.tn\/index.php\/wp-json\/wp\/v2\/product_brand?post=28443"},{"taxonomy":"product_cat","embeddable":true,"href":"https:\/\/accrosport.tn\/index.php\/wp-json\/wp\/v2\/product_cat?post=28443"},{"taxonomy":"product_tag","embeddable":true,"href":"https:\/\/accrosport.tn\/index.php\/wp-json\/wp\/v2\/product_tag?post=28443"}],"curies":[{"name":"wp","href":"https:\/\/api.w.org\/{rel}","templated":true}]}}