{"id":28436,"date":"2025-09-25T10:59:54","date_gmt":"2025-09-25T10:59:54","guid":{"rendered":"https:\/\/accrosport.tn\/index.php\/product\/pantalon-largo-staff-negro\/"},"modified":"2025-11-04T14:23:05","modified_gmt":"2025-11-04T14:23:05","slug":"pantalon-largo-staff-negro","status":"publish","type":"product","link":"https:\/\/accrosport.tn\/index.php\/product\/pantalon-largo-staff-negro\/","title":{"rendered":"Pantalon long STAFF pour homme noir"},"content":{"rendered":"<p>Pantalon long pour homme\/gar\u00e7on. Ce pantalon de surv\u00eatement basique offre confort et libert\u00e9 de mouvement. Portez-le pour vos entra\u00eenements sportifs comme le football ou pour un look sportif au quotidien.<\/p>\n<p>Il est dot\u00e9 d&rsquo;un double syst\u00e8me de r\u00e9glage : la ceinture \u00e9lastique s&rsquo;adapte \u00e0 la morphologie de l&rsquo;athl\u00e8te pour un maintien optimal ; le cordon de serrage int\u00e9rieur permet d&rsquo;ajuster la taille. Ses fermetures \u00e9clair en bas permettent un enfilage et un retrait rapides, faciles et confortables. Il est \u00e9galement dot\u00e9 de deux grandes poches lat\u00e9rales pour emporter vos essentiels (cl\u00e9s, t\u00e9l\u00e9phone portable, \u00e9couteurs, etc.).<\/p>\n<p>Fabriqu\u00e9s dans un tissu de haute qualit\u00e9, facile d&rsquo;entretien et durable, ils sont parfaits si vous recherchez un pantalon r\u00e9sistant. Ils offrent \u00e9galement confort et douceur, ainsi que chaleur lorsque le temps se rafra\u00eechit.<\/p>\n<p>Sa coupe skinny devient droite en ouvrant les fermetures \u00e9clair. Portez-le comme bon vous semble.<\/p>\n<p>Logo Joma s\u00e9rigraphi\u00e9.<\/p>\n","protected":false},"excerpt":{"rendered":"<p>Pantalons longs pour hommes et gar\u00e7ons, adapt\u00e9s \u00e0 de nombreux sports. Fabriqu\u00e9s dans un tissu souple et r\u00e9sistant, ils offrent un confort optimal aux athl\u00e8tes. Ils peuvent \u00e9galement \u00eatre port\u00e9s au quotidien pour un look sportif.<\/p>\n","protected":false},"featured_media":33836,"template":"","meta":[],"product_brand":[],"product_cat":[33,64],"product_tag":[],"class_list":{"0":"post-28436","1":"product","2":"type-product","3":"status-publish","4":"has-post-thumbnail","6":"product_cat-homme","7":"product_cat-survetements-homme","8":"pa_couleur-noir","9":"pa_taille-2xl","10":"pa_taille-l","11":"pa_taille-m","12":"pa_taille-s","13":"pa_taille-xl","14":"pa_taille-xs","16":"first","17":"outofstock","18":"purchasable","19":"product-type-variable"},"_links":{"self":[{"href":"https:\/\/accrosport.tn\/index.php\/wp-json\/wp\/v2\/product\/28436","targetHints":{"allow":["GET"]}}],"collection":[{"href":"https:\/\/accrosport.tn\/index.php\/wp-json\/wp\/v2\/product"}],"about":[{"href":"https:\/\/accrosport.tn\/index.php\/wp-json\/wp\/v2\/types\/product"}],"wp:featuredmedia":[{"embeddable":true,"href":"https:\/\/accrosport.tn\/index.php\/wp-json\/wp\/v2\/media\/33836"}],"wp:attachment":[{"href":"https:\/\/accrosport.tn\/index.php\/wp-json\/wp\/v2\/media?parent=28436"}],"wp:term":[{"taxonomy":"product_brand","embeddable":true,"href":"https:\/\/accrosport.tn\/index.php\/wp-json\/wp\/v2\/product_brand?post=28436"},{"taxonomy":"product_cat","embeddable":true,"href":"https:\/\/accrosport.tn\/index.php\/wp-json\/wp\/v2\/product_cat?post=28436"},{"taxonomy":"product_tag","embeddable":true,"href":"https:\/\/accrosport.tn\/index.php\/wp-json\/wp\/v2\/product_tag?post=28436"}],"curies":[{"name":"wp","href":"https:\/\/api.w.org\/{rel}","templated":true}]}}