{"id":34,"date":"2017-11-24T02:28:12","date_gmt":"2017-11-24T02:28:12","guid":{"rendered":"http:\/\/localhost\/framework\/?page_id=34"},"modified":"2023-09-15T07:55:52","modified_gmt":"2023-09-15T07:55:52","slug":"qui-sommes-nous","status":"publish","type":"page","link":"https:\/\/accrosport.tn\/index.php\/qui-sommes-nous\/","title":{"rendered":"Qui sommes-nous ?"},"content":{"rendered":"<div class=\"vc_row wpb_row vc_row-fluid mb100 vc_row-o-equal-height vc_row-flex\"><div class=\"wpb_column vc_column_container vc_col-sm-12\"><div class=\"vc_column-inner\"><div class=\"wpb_wrapper\">\n\t<div class=\"wpb_raw_code wpb_content_element wpb_raw_html\" >\n\t\t<div class=\"wpb_wrapper\">\n\t\t\t<h1 style=\"text-align:center;margin-bottom:5%\">Accroport Tunisie : V\u00eatements & chaussures, accessoires sportifs Tunisie Joma<\/h1>\n\t\t<\/div>\n\t<\/div>\n<\/div><\/div><\/div><div class=\"about-banner-wrap wpb_column vc_column_container vc_col-sm-12\"><div class=\"vc_column-inner\"><div class=\"wpb_wrapper\"><div class=\"content-editor about-decs  \">\n\t\t\t\t\t    \t\t\t\t        <div class=\"content-info \">\n\t\t\t\t\t\t\t<h3 class=\"title20 text-uppercase font-bold\">TOUT POUR LE SPORT<\/h3>\n<p class=\"desc\"><b>Accrosport<\/b> est une soci\u00e9t\u00e9 tunisienne Accrosport est une soci\u00e9t\u00e9 tunisienne cr\u00e9\u00e9e en 2012 et sp\u00e9cialis\u00e9e dans la vente des\u00e9quipements et accessoires sportifs.<\/p>\n<p class=\"desc\"><b>Accrosport<\/b> est le distributeur exclusif en Tunisie de la marque espagnole JOMA.<\/p>\n<p class=\"desc\"><b>Accrosport<\/b> repr\u00e9sente \u00e9galement les marques suivantes: GIVOVA ,LUANVI, SALMING, VIXEN, TUNTURI,TURBO.<\/p>\n<p class=\"desc last\">Notre \u00e9quipe est \u00e0 votre service et met tout son savoir faire \u00e0 votre disposition dans le seul but de vous satisfaire et gagner votre confiance.<\/p>\n\t\t\t\t\t\t<\/div>\n\t\t\t\t\t\t\t            \n<\/div>\n\n<div class=\"banner-advs about-banner  zoom-image line-scale\">\n\t<a href=\"#\" class=\"adv-thumb-link\">    \t<\/a>\t\t<\/div><\/div><\/div><\/div><\/div><div data-vc-full-width=\"true\" data-vc-full-width-init=\"false\" class=\"vc_row wpb_row vc_row-fluid overlay-bg parallax-bg about-service mb100 vc_custom_1663838634158 vc_row-has-fill vc_row-o-content-middle vc_row-flex\"><div class=\"wpb_column vc_column_container vc_col-sm-3\"><div class=\"vc_column-inner\"><div class=\"wpb_wrapper\"><div class=\"content-editor text-center about-icon  \">\n\t\t\t\t\t    \t\t\t\t        <div class=\"content-info \">\n\t\t\t\t\t\t\t<p><a class=\"icon\" href=\"#\"><i id=\"icon1-qui-somme-nous\" class=\"la la-truck\"><span class=\"hidden\">truck<\/span><\/i><\/a><\/p>\n<h3 class=\"title18 font-semibold\"><a href=\"#\">Livraison \u00e0 domicile<\/a><\/h3>\n<p class=\"desc\">Commandez en ligne et recevez votre commande chez vous<\/p>\n\t\t\t\t\t\t<\/div>\n\t\t\t\t\t\t\t            \n<\/div>\n\n<\/div><\/div><\/div><div class=\"wpb_column vc_column_container vc_col-sm-3\"><div class=\"vc_column-inner\"><div class=\"wpb_wrapper\"><div class=\"content-editor text-center about-icon  \">\n\t\t\t\t\t    \t\t\t\t        <div class=\"content-info \">\n\t\t\t\t\t\t\t<p><a class=\"icon\" href=\"#\"><i id=\"icon1-qui-somme-nous\" class=\" la la-exchange\"><span class=\"hidden\">echange<\/span><\/i><\/a><\/p>\n<h3 class=\"title18 font-semibold\"><a href=\"#\">Retour et \u00e9change<\/a><\/h3>\n<p class=\"desc\">Nos produits sont dot\u00e9s d\u2019une politique de retour &amp; \u00e9change<\/p>\n\t\t\t\t\t\t<\/div>\n\t\t\t\t\t\t\t            \n<\/div>\n\n<\/div><\/div><\/div><div class=\"wpb_column vc_column_container vc_col-sm-3\"><div class=\"vc_column-inner\"><div class=\"wpb_wrapper\"><div class=\"content-editor text-center about-icon  \">\n\t\t\t\t\t    \t\t\t\t        <div class=\"content-info \">\n\t\t\t\t\t\t\t<p><a class=\"icon\" href=\"#\"><i id=\"icon2-qui-somme-nous\" class=\"la la-cube\"><span class=\"hidden\">retrait<\/span><\/i><\/a><\/p>\n<h3 class=\"title18 font-semibold\"><a href=\"#\">Points de retrait<\/a><\/h3>\n<p class=\"desc\">Economisez les frais de livraison et retirez votre commande a partir de l&rsquo;un de nos magasins<\/p>\n\t\t\t\t\t\t<\/div>\n\t\t\t\t\t\t\t            \n<\/div>\n\n<\/div><\/div><\/div><div class=\"wpb_column vc_column_container vc_col-sm-3\"><div class=\"vc_column-inner\"><div class=\"wpb_wrapper\"><div class=\"content-editor text-center about-icon  \">\n\t\t\t\t\t    \t\t\t\t        <div class=\"content-info \">\n\t\t\t\t\t\t\t<p><a class=\"icon\" href=\"#\"><i id=\"icon3-qui-somme-nous\" class=\"la la-phone\"><span class=\"hidden\">back<\/span><\/i><\/a><\/p>\n<h3 class=\"title18 font-semibold\"><a href=\"#\">Service client 24\/7<\/a><\/h3>\n<p class=\"desc\">58 363 638<\/p>\n\t\t\t\t\t\t<\/div>\n\t\t\t\t\t\t\t            \n<\/div>\n\n<\/div><\/div><\/div><\/div><div class=\"vc_row-full-width vc_clearfix\"><\/div>\n","protected":false},"excerpt":{"rendered":"Accroport Tunisie : V\u00eatements & chaussures, accessoires sportifs Tunisie Joma TOUT POUR LE SPORT Accrosport est une soci\u00e9t\u00e9 tunisienne Accrosport est une soci\u00e9t\u00e9 tunisienne cr\u00e9\u00e9e en 2012 et sp\u00e9cialis\u00e9e dans la vente des\u00e9quipements et accessoires sportifs. Accrosport est le distributeur exclusif en Tunisie de la marque espagnole JOMA. Accrosport repr\u00e9sente \u00e9galement les marques suivantes: GIVOVA [...]","protected":false},"author":1,"featured_media":0,"parent":0,"menu_order":0,"comment_status":"closed","ping_status":"closed","template":"","meta":{"footnotes":""},"class_list":["post-34","page","type-page","status-publish","hentry"],"_links":{"self":[{"href":"https:\/\/accrosport.tn\/index.php\/wp-json\/wp\/v2\/pages\/34","targetHints":{"allow":["GET"]}}],"collection":[{"href":"https:\/\/accrosport.tn\/index.php\/wp-json\/wp\/v2\/pages"}],"about":[{"href":"https:\/\/accrosport.tn\/index.php\/wp-json\/wp\/v2\/types\/page"}],"author":[{"embeddable":true,"href":"https:\/\/accrosport.tn\/index.php\/wp-json\/wp\/v2\/users\/1"}],"replies":[{"embeddable":true,"href":"https:\/\/accrosport.tn\/index.php\/wp-json\/wp\/v2\/comments?post=34"}],"version-history":[{"count":19,"href":"https:\/\/accrosport.tn\/index.php\/wp-json\/wp\/v2\/pages\/34\/revisions"}],"predecessor-version":[{"id":18293,"href":"https:\/\/accrosport.tn\/index.php\/wp-json\/wp\/v2\/pages\/34\/revisions\/18293"}],"wp:attachment":[{"href":"https:\/\/accrosport.tn\/index.php\/wp-json\/wp\/v2\/media?parent=34"}],"curies":[{"name":"wp","href":"https:\/\/api.w.org\/{rel}","templated":true}]}}