{"id":17859,"date":"2023-07-17T14:26:13","date_gmt":"2023-07-17T14:26:13","guid":{"rendered":"https:\/\/accrosport.tn\/?page_id=17859"},"modified":"2023-07-17T14:36:56","modified_gmt":"2023-07-17T14:36:56","slug":"sponsor-villarreal-cf","status":"publish","type":"page","link":"https:\/\/accrosport.tn\/index.php\/sponsor-villarreal-cf\/","title":{"rendered":"sponsor-villarreal-cf"},"content":{"rendered":"<div class=\"vc_row wpb_row vc_row-fluid\"><div class=\"wpb_column vc_column_container vc_col-sm-12\"><div class=\"vc_column-inner\"><div class=\"wpb_wrapper\">\n\t<div class=\"wpb_raw_code wpb_content_element wpb_raw_html\" >\n\t\t<div class=\"wpb_wrapper\">\n\t\t\t<h1 style=\"text-align:center;\">VILLARREAL C.F<\/h1>\n\t\t<\/div>\n\t<\/div>\n<div class=\"vc_empty_space\"   style=\"height: 32px\"><span class=\"vc_empty_space_inner\"><\/span><\/div><div class=\"vc_empty_space\"   style=\"height: 32px\"><span class=\"vc_empty_space_inner\"><\/span><\/div><\/div><\/div><\/div><\/div><div class=\"vc_row wpb_row vc_row-fluid\"><div class=\"wpb_column vc_column_container vc_col-sm-6\"><div class=\"vc_column-inner\"><div class=\"wpb_wrapper\"><\/div><\/div><\/div><\/div><div class=\"vc_row wpb_row vc_row-fluid\"><div class=\"wpb_column vc_column_container vc_col-sm-6\"><div class=\"vc_column-inner\"><div class=\"wpb_wrapper\">\n\t<div class=\"wpb_raw_code wpb_content_element wpb_raw_html\" >\n\t\t<div class=\"wpb_wrapper\">\n\t\t\t<img decoding=\"async\" style=\"margin-left: 72px;\" src=\"https:\/\/accrosport.tn\/wp-content\/uploads\/2023\/07\/villarreal.jpg\" \/>\n\n\n\t\t<\/div>\n\t<\/div>\n<\/div><\/div><\/div><div class=\"wpb_column vc_column_container vc_col-sm-6\"><div class=\"vc_column-inner\"><div class=\"wpb_wrapper\">\n\t<div class=\"wpb_raw_code wpb_content_element wpb_raw_html\" >\n\t\t<div class=\"wpb_wrapper\">\n\t\t\t<p style=\" color:black;  text-align:justify; line-height: 34px;margin-left: 54px;\" >El Villarreal Club de F\u00fatbol est une \u00e9quipe professionnelle de football espagnol. Elle a \u00e9t\u00e9 cr\u00e9\u00e9e sous le nom de Club Deportivo Villarreal et s'entra\u00eene dans la ville qui lui a donn\u00e9 son nom, Villarreal, en Espagne.\n<\/p>\n\n\t\t<\/div>\n\t<\/div>\n<\/div><\/div><\/div><\/div><div class=\"vc_row wpb_row vc_row-fluid\"><div class=\"wpb_column vc_column_container vc_col-sm-6\"><div class=\"vc_column-inner\"><div class=\"wpb_wrapper\">\n\t<div class=\"wpb_raw_code wpb_content_element wpb_raw_html\" >\n\t\t<div class=\"wpb_wrapper\">\n\t\t\t<p style=\" color:black;  text-align:justify; line-height: 34px;\" >Le club valencien est plus connu sous le nom de \u00ab sous-marin jaune \u00bb. Il a jou\u00e9 pendant des ann\u00e9es dans les cat\u00e9gories inf\u00e9rieures. Mais, en 1998, il a commenc\u00e9 pour la premi\u00e8re fois \u00e0 jouer dans la meilleure cat\u00e9gorie espagnole, la premi\u00e8re division. Actuellement et depuis 2013, il joue parmi les meilleures \u00e9quipes et est fier de pouvoir se battre pour atteindre les premi\u00e8res places du classement. Il est ainsi arriv\u00e9 \u00e0 la deuxi\u00e8me place de la Ligue de 2007-08 et a obtenu le titre de Meilleure \u00e9quipe du mois du monde en d\u00e9cembre 2004 selon l'IFFHS (The International Federation of Football History & Statistics).\n<\/p>\n\n\t\t<\/div>\n\t<\/div>\n<\/div><\/div><\/div><div class=\"wpb_column vc_column_container vc_col-sm-6\"><div class=\"vc_column-inner\"><div class=\"wpb_wrapper\">\n\t<div class=\"wpb_raw_code wpb_content_element wpb_raw_html\" >\n\t\t<div class=\"wpb_wrapper\">\n\t\t\t<img decoding=\"async\" style=\"margin-left: 72px;\" src=\"https:\/\/accrosport.tn\/wp-content\/uploads\/2023\/07\/20200817_115039_villarreal.jpg\" \/>\n\t\t<\/div>\n\t<\/div>\n<\/div><\/div><\/div><\/div><div class=\"vc_row wpb_row vc_row-fluid\"><div class=\"wpb_column vc_column_container vc_col-sm-6\"><div class=\"vc_column-inner\"><div class=\"wpb_wrapper\">\n\t<div class=\"wpb_raw_code wpb_content_element wpb_raw_html\" >\n\t\t<div class=\"wpb_wrapper\">\n\t\t\t<img decoding=\"async\" style=\"margin-left: 72px;\" src=\"https:\/\/accrosport.tn\/wp-content\/uploads\/2023\/07\/20200817_115233_villarreal-2.jpg\" \/>\n\t\t<\/div>\n\t<\/div>\n<\/div><\/div><\/div><div class=\"wpb_column vc_column_container vc_col-sm-6\"><div class=\"vc_column-inner\"><div class=\"wpb_wrapper\">\n\t<div class=\"wpb_raw_code wpb_content_element wpb_raw_html\" >\n\t\t<div class=\"wpb_wrapper\">\n\t\t\t<p style=\" color:black;  text-align:justify; line-height: 34px; margin-left: 79px;\n    margin-top: 28px;\" >Troisi\u00e8me division d'Espagne : 1969-70<br>\n\nPrimera Regional de la Comunidad Valenciana : 1935-36, 1954-55 et 1966-67<br>\n\nCoupe Intertoto de l'UEFA : 2003 et 2004<br>\n\nVice-champion de la Ligue (Premi\u00e8re division) : 2007-08<br>\n\n\ufeffMeilleure \u00e9quipe du mois du monde : D\u00e9cembre 2004\n<\/p>\n\n\t\t<\/div>\n\t<\/div>\n<\/div><\/div><\/div><\/div>\n","protected":false},"excerpt":{"rendered":"VILLARREAL C.F El Villarreal Club de F\u00fatbol est une \u00e9quipe professionnelle de football espagnol. Elle a \u00e9t\u00e9 cr\u00e9\u00e9e sous le nom de Club Deportivo Villarreal et s'entra\u00eene dans la ville qui lui a donn\u00e9 son nom, Villarreal, en Espagne. Le club valencien est plus connu sous le nom de \u00ab sous-marin jaune \u00bb. Il a [...]","protected":false},"author":1,"featured_media":0,"parent":0,"menu_order":0,"comment_status":"closed","ping_status":"closed","template":"","meta":{"footnotes":""},"class_list":["post-17859","page","type-page","status-publish","hentry"],"_links":{"self":[{"href":"https:\/\/accrosport.tn\/index.php\/wp-json\/wp\/v2\/pages\/17859","targetHints":{"allow":["GET"]}}],"collection":[{"href":"https:\/\/accrosport.tn\/index.php\/wp-json\/wp\/v2\/pages"}],"about":[{"href":"https:\/\/accrosport.tn\/index.php\/wp-json\/wp\/v2\/types\/page"}],"author":[{"embeddable":true,"href":"https:\/\/accrosport.tn\/index.php\/wp-json\/wp\/v2\/users\/1"}],"replies":[{"embeddable":true,"href":"https:\/\/accrosport.tn\/index.php\/wp-json\/wp\/v2\/comments?post=17859"}],"version-history":[{"count":4,"href":"https:\/\/accrosport.tn\/index.php\/wp-json\/wp\/v2\/pages\/17859\/revisions"}],"predecessor-version":[{"id":17866,"href":"https:\/\/accrosport.tn\/index.php\/wp-json\/wp\/v2\/pages\/17859\/revisions\/17866"}],"wp:attachment":[{"href":"https:\/\/accrosport.tn\/index.php\/wp-json\/wp\/v2\/media?parent=17859"}],"curies":[{"name":"wp","href":"https:\/\/api.w.org\/{rel}","templated":true}]}}