{"id":17852,"date":"2023-07-17T13:53:22","date_gmt":"2023-07-17T13:53:22","guid":{"rendered":"https:\/\/accrosport.tn\/?page_id=17852"},"modified":"2023-07-17T14:19:44","modified_gmt":"2023-07-17T14:19:44","slug":"sponsor-swansea-city-afc","status":"publish","type":"page","link":"https:\/\/accrosport.tn\/index.php\/sponsor-swansea-city-afc\/","title":{"rendered":"sponsor-swansea-city-afc"},"content":{"rendered":"<div class=\"vc_row wpb_row vc_row-fluid\"><div class=\"wpb_column vc_column_container vc_col-sm-12\"><div class=\"vc_column-inner\"><div class=\"wpb_wrapper\">\n\t<div class=\"wpb_raw_code wpb_content_element wpb_raw_html\" >\n\t\t<div class=\"wpb_wrapper\">\n\t\t\t<h1 style=\"text-align:center;\">SWANSEA CITY AFC<\/h1>\n\t\t<\/div>\n\t<\/div>\n<div class=\"vc_empty_space\"   style=\"height: 32px\"><span class=\"vc_empty_space_inner\"><\/span><\/div><div class=\"vc_empty_space\"   style=\"height: 32px\"><span class=\"vc_empty_space_inner\"><\/span><\/div><\/div><\/div><\/div><\/div><div class=\"vc_row wpb_row vc_row-fluid\"><div class=\"wpb_column vc_column_container vc_col-sm-6\"><div class=\"vc_column-inner\"><div class=\"wpb_wrapper\"><\/div><\/div><\/div><\/div><div class=\"vc_row wpb_row vc_row-fluid\"><div class=\"wpb_column vc_column_container vc_col-sm-6\"><div class=\"vc_column-inner\"><div class=\"wpb_wrapper\">\n\t<div class=\"wpb_raw_code wpb_content_element wpb_raw_html\" >\n\t\t<div class=\"wpb_wrapper\">\n\t\t\t<img decoding=\"async\" style=\"margin-left: 72px;\" src=\"https:\/\/accrosport.tn\/wp-content\/uploads\/2023\/07\/swansea.jpg\" \/>\n\n\n\t\t<\/div>\n\t<\/div>\n<\/div><\/div><\/div><div class=\"wpb_column vc_column_container vc_col-sm-6\"><div class=\"vc_column-inner\"><div class=\"wpb_wrapper\">\n\t<div class=\"wpb_raw_code wpb_content_element wpb_raw_html\" >\n\t\t<div class=\"wpb_wrapper\">\n\t\t\t<p style=\" color:black;  text-align:justify; line-height: 34px;margin-left: 54px;\" >Le Club de Football Swansea City est une \u00e9quipe de football professionnelle de la ville de Swansea, Pays de Galles. Il a \u00e9t\u00e9 cr\u00e9\u00e9 en 1912 et \u00e9volue actuellement en Premier League d'Angleterre, la plus haute division du football anglais.\n<\/p>\n\n\t\t<\/div>\n\t<\/div>\n<\/div><\/div><\/div><\/div><div class=\"vc_row wpb_row vc_row-fluid\"><div class=\"wpb_column vc_column_container vc_col-sm-6\"><div class=\"vc_column-inner\"><div class=\"wpb_wrapper\">\n\t<div class=\"wpb_raw_code wpb_content_element wpb_raw_html\" >\n\t\t<div class=\"wpb_wrapper\">\n\t\t\t<p style=\" color:black;  text-align:justify; line-height: 34px;\" >Depuis sa cr\u00e9ation, le club gallois est pass\u00e9 par diff\u00e9rentes \u00e9tapes et a \u00e9volu\u00e9 dans toutes les divisions du football anglais. Le club est membre de la Ligue de Football depuis 1921 et c'est l'une des rares \u00e9quipes galloises \u00e0 jouer dans cette ligue. Ces derni\u00e8res ann\u00e9es, le Swansea City a r\u00e9ussi \u00e0 se positionner parmi les meilleures \u00e9quipes du pays et c'est gr\u00e2ce \u00e0 leurs efforts et \u00e0 leur pers\u00e9v\u00e9rance qu'ils sont parvenus \u00e0 remporter la victoire de la Ligue Anglaise lors de la saison 2012-13.\n\n<ul style=\"color:black;  text-align:justify; line-height: 34px\"><li> Coupe de la Ligue anglaise: 2012-13<\/li>\n<li> Football League Trophy: 1994 et 2006<\/li>\n<li> Coupe du Pays de Galles: 1913, 1932, 1950, 1961, 1966, 1981, 1982, 1983, 1989 et 1991<\/li>\n<li> FAW Cup: 2005 et 2006.<\/li>\n\n\n<\/ul>\n<\/p>\n\n\t\t<\/div>\n\t<\/div>\n<\/div><\/div><\/div><div class=\"wpb_column vc_column_container vc_col-sm-6\"><div class=\"vc_column-inner\"><div class=\"wpb_wrapper\">\n\t<div class=\"wpb_raw_code wpb_content_element wpb_raw_html\" >\n\t\t<div class=\"wpb_wrapper\">\n\t\t\t<img decoding=\"async\" style=\"margin-left: 72px;\" src=\"https:\/\/accrosport.tn\/wp-content\/uploads\/2023\/07\/20200313_152954_swansea2020-.jpg\" \/>\n\t\t<\/div>\n\t<\/div>\n<\/div><\/div><\/div><\/div><div class=\"vc_row wpb_row vc_row-fluid\"><div class=\"wpb_column vc_column_container vc_col-sm-6\"><div class=\"vc_column-inner\"><div class=\"wpb_wrapper\"><\/div><\/div><\/div><div class=\"wpb_column vc_column_container vc_col-sm-6\"><div class=\"vc_column-inner\"><div class=\"wpb_wrapper\"><\/div><\/div><\/div><\/div>\n","protected":false},"excerpt":{"rendered":"SWANSEA CITY AFC Le Club de Football Swansea City est une \u00e9quipe de football professionnelle de la ville de Swansea, Pays de Galles. Il a \u00e9t\u00e9 cr\u00e9\u00e9 en 1912 et \u00e9volue actuellement en Premier League d'Angleterre, la plus haute division du football anglais. Depuis sa cr\u00e9ation, le club gallois est pass\u00e9 par diff\u00e9rentes \u00e9tapes et [...]","protected":false},"author":1,"featured_media":0,"parent":0,"menu_order":0,"comment_status":"closed","ping_status":"closed","template":"","meta":{"footnotes":""},"class_list":["post-17852","page","type-page","status-publish","hentry"],"_links":{"self":[{"href":"https:\/\/accrosport.tn\/index.php\/wp-json\/wp\/v2\/pages\/17852","targetHints":{"allow":["GET"]}}],"collection":[{"href":"https:\/\/accrosport.tn\/index.php\/wp-json\/wp\/v2\/pages"}],"about":[{"href":"https:\/\/accrosport.tn\/index.php\/wp-json\/wp\/v2\/types\/page"}],"author":[{"embeddable":true,"href":"https:\/\/accrosport.tn\/index.php\/wp-json\/wp\/v2\/users\/1"}],"replies":[{"embeddable":true,"href":"https:\/\/accrosport.tn\/index.php\/wp-json\/wp\/v2\/comments?post=17852"}],"version-history":[{"count":3,"href":"https:\/\/accrosport.tn\/index.php\/wp-json\/wp\/v2\/pages\/17852\/revisions"}],"predecessor-version":[{"id":17858,"href":"https:\/\/accrosport.tn\/index.php\/wp-json\/wp\/v2\/pages\/17852\/revisions\/17858"}],"wp:attachment":[{"href":"https:\/\/accrosport.tn\/index.php\/wp-json\/wp\/v2\/media?parent=17852"}],"curies":[{"name":"wp","href":"https:\/\/api.w.org\/{rel}","templated":true}]}}