{"id":17840,"date":"2023-07-17T13:03:39","date_gmt":"2023-07-17T13:03:39","guid":{"rendered":"https:\/\/accrosport.tn\/?page_id=17840"},"modified":"2023-07-17T14:40:13","modified_gmt":"2023-07-17T14:40:13","slug":"getafe-c-f","status":"publish","type":"page","link":"https:\/\/accrosport.tn\/index.php\/getafe-c-f\/","title":{"rendered":"GETAFE C.F."},"content":{"rendered":"<div class=\"vc_row wpb_row vc_row-fluid\"><div class=\"wpb_column vc_column_container vc_col-sm-12\"><div class=\"vc_column-inner\"><div class=\"wpb_wrapper\">\n\t<div class=\"wpb_raw_code wpb_content_element wpb_raw_html\" >\n\t\t<div class=\"wpb_wrapper\">\n\t\t\t<h1 style=\"text-align:center;\">GETAFE C.F.<\/h1>\n\t\t<\/div>\n\t<\/div>\n<div class=\"vc_empty_space\"   style=\"height: 32px\"><span class=\"vc_empty_space_inner\"><\/span><\/div><div class=\"vc_empty_space\"   style=\"height: 32px\"><span class=\"vc_empty_space_inner\"><\/span><\/div><\/div><\/div><\/div><\/div><div class=\"vc_row wpb_row vc_row-fluid\"><div class=\"wpb_column vc_column_container vc_col-sm-6\"><div class=\"vc_column-inner\"><div class=\"wpb_wrapper\"><\/div><\/div><\/div><\/div><div class=\"vc_row wpb_row vc_row-fluid\"><div class=\"wpb_column vc_column_container vc_col-sm-6\"><div class=\"vc_column-inner\"><div class=\"wpb_wrapper\">\n\t<div class=\"wpb_raw_code wpb_content_element wpb_raw_html\" >\n\t\t<div class=\"wpb_wrapper\">\n\t\t\t<img decoding=\"async\" style=\"margin-left: 72px;\" src=\"https:\/\/accrosport.tn\/wp-content\/uploads\/2023\/07\/getafe.jpg\" \/>\n\n\n\t\t<\/div>\n\t<\/div>\n<\/div><\/div><\/div><div class=\"wpb_column vc_column_container vc_col-sm-6\"><div class=\"vc_column-inner\"><div class=\"wpb_wrapper\">\n\t<div class=\"wpb_raw_code wpb_content_element wpb_raw_html\" >\n\t\t<div class=\"wpb_wrapper\">\n\t\t\t<p style=\" color:black;  text-align:justify; line-height: 34px; margin-left: 56px;\" >\ufeffLe Getafe Club de F\u00fatbol est une \u00e9quipe professionnelle de Getafe, Communaut\u00e9 de Madrid (Espagne).\n<\/p>\n\n\t\t<\/div>\n\t<\/div>\n<\/div><\/div><\/div><\/div><div class=\"vc_row wpb_row vc_row-fluid\"><div class=\"wpb_column vc_column_container vc_col-sm-6\"><div class=\"vc_column-inner\"><div class=\"wpb_wrapper\">\n\t<div class=\"wpb_raw_code wpb_content_element wpb_raw_html\" >\n\t\t<div class=\"wpb_wrapper\">\n\t\t\t<p style=\" color:black;  text-align:justify; line-height: 34px;\" >Elle a \u00e9t\u00e9 cr\u00e9\u00e9e en 1946, mais apr\u00e8s avoir \u00e9t\u00e9 ruin\u00e9e, elle a \u00e9t\u00e9 recr\u00e9\u00e9e en 1983 sous le nom qu'elle porte actuellement. L'\u00e9quipe madril\u00e8ne a jou\u00e9 la plupart de sa carri\u00e8re dans des cat\u00e9gories inf\u00e9rieures du pays dans lesquelles elle a connu des hauts et des bas. Mais cela fait un peu plus d'une d\u00e9cennie que le club est entr\u00e9 dans la cat\u00e9gorie la plus haute du football espagnol et a d\u00e9but\u00e9 dans celle-ci lors de la saison 2004-05 pour concourir avec les \u00e9quipes les plus prestigieuses et tenter de remporter la victoire lors des diverses comp\u00e9titions. Malgr\u00e9 des situations par lesquelles il est pass\u00e9, ce club a \u00e0 son palmar\u00e8s plus de 40 tournois amicaux et une Coupe Ram\u00f3n Triana. De plus, il peut \u00eatre fier d'avoir \u00e9t\u00e9 \u00e0 deux reprises vice-champion de la Coupe du Roi.\n<\/p>\n\n\t\t<\/div>\n\t<\/div>\n<\/div><\/div><\/div><div class=\"wpb_column vc_column_container vc_col-sm-6\"><div class=\"vc_column-inner\"><div class=\"wpb_wrapper\">\n\t<div class=\"wpb_raw_code wpb_content_element wpb_raw_html\" >\n\t\t<div class=\"wpb_wrapper\">\n\t\t\t<img decoding=\"async\" style=\"margin-left: 72px;\" src=\"https:\/\/accrosport.tn\/wp-content\/uploads\/2023\/07\/20200819_083842_getafe-01.jpg\" \/>\n\t\t<\/div>\n\t<\/div>\n<\/div><\/div><\/div><\/div><div class=\"vc_row wpb_row vc_row-fluid\"><div class=\"wpb_column vc_column_container vc_col-sm-6\"><div class=\"vc_column-inner\"><div class=\"wpb_wrapper\">\n\t<div class=\"wpb_raw_code wpb_content_element wpb_raw_html\" >\n\t\t<div class=\"wpb_wrapper\">\n\t\t\t<img decoding=\"async\"  src=\"https:\/\/accrosport.tn\/wp-content\/uploads\/2023\/07\/getafe-sponsor.jpg\" \/>\n\t\t<\/div>\n\t<\/div>\n<\/div><\/div><\/div><div class=\"wpb_column vc_column_container vc_col-sm-6\"><div class=\"vc_column-inner\"><div class=\"wpb_wrapper\">\n\t<div class=\"wpb_raw_code wpb_content_element wpb_raw_html\" >\n\t\t<div class=\"wpb_wrapper\">\n\t\t\t<p style=\" color:black;  text-align:justify; line-height: 34px;margin-top: 43px;\n    margin-left: 76px;\" >Vice-champion de la Coupe du Roi : 2006-07 et 2007-08 Vice-champion de Deuxi\u00e8me division : 2003-04 Champion de Deuxi\u00e8me division B : 1998-99 Vice-champion de Deuxi\u00e8me division B : 1989-90 et 1993-94 Vice-champion du Championnat d'Espagne des amateurs : 1985-86. Coupe Ram\u00f3n Triana : 1970-71 Plus de 40 tournois amicaux.\n<\/p>\n\n\t\t<\/div>\n\t<\/div>\n<\/div><\/div><\/div><\/div>\n","protected":false},"excerpt":{"rendered":"GETAFE C.F. \ufeffLe Getafe Club de F\u00fatbol est une \u00e9quipe professionnelle de Getafe, Communaut\u00e9 de Madrid (Espagne). Elle a \u00e9t\u00e9 cr\u00e9\u00e9e en 1946, mais apr\u00e8s avoir \u00e9t\u00e9 ruin\u00e9e, elle a \u00e9t\u00e9 recr\u00e9\u00e9e en 1983 sous le nom qu'elle porte actuellement. L'\u00e9quipe madril\u00e8ne a jou\u00e9 la plupart de sa carri\u00e8re dans des cat\u00e9gories inf\u00e9rieures du pays [...]","protected":false},"author":1,"featured_media":0,"parent":0,"menu_order":0,"comment_status":"closed","ping_status":"closed","template":"","meta":{"footnotes":""},"class_list":["post-17840","page","type-page","status-publish","hentry"],"_links":{"self":[{"href":"https:\/\/accrosport.tn\/index.php\/wp-json\/wp\/v2\/pages\/17840","targetHints":{"allow":["GET"]}}],"collection":[{"href":"https:\/\/accrosport.tn\/index.php\/wp-json\/wp\/v2\/pages"}],"about":[{"href":"https:\/\/accrosport.tn\/index.php\/wp-json\/wp\/v2\/types\/page"}],"author":[{"embeddable":true,"href":"https:\/\/accrosport.tn\/index.php\/wp-json\/wp\/v2\/users\/1"}],"replies":[{"embeddable":true,"href":"https:\/\/accrosport.tn\/index.php\/wp-json\/wp\/v2\/comments?post=17840"}],"version-history":[{"count":7,"href":"https:\/\/accrosport.tn\/index.php\/wp-json\/wp\/v2\/pages\/17840\/revisions"}],"predecessor-version":[{"id":17868,"href":"https:\/\/accrosport.tn\/index.php\/wp-json\/wp\/v2\/pages\/17840\/revisions\/17868"}],"wp:attachment":[{"href":"https:\/\/accrosport.tn\/index.php\/wp-json\/wp\/v2\/media?parent=17840"}],"curies":[{"name":"wp","href":"https:\/\/api.w.org\/{rel}","templated":true}]}}