{"id":17833,"date":"2023-07-17T12:50:12","date_gmt":"2023-07-17T12:50:12","guid":{"rendered":"https:\/\/accrosport.tn\/?page_id=17833"},"modified":"2023-07-17T13:04:39","modified_gmt":"2023-07-17T13:04:39","slug":"sponsor-le-havre-athletic-club","status":"publish","type":"page","link":"https:\/\/accrosport.tn\/index.php\/sponsor-le-havre-athletic-club\/","title":{"rendered":"sponsor-le-havre-athletic-club"},"content":{"rendered":"<div class=\"vc_row wpb_row vc_row-fluid\"><div class=\"wpb_column vc_column_container vc_col-sm-12\"><div class=\"vc_column-inner\"><div class=\"wpb_wrapper\">\n\t<div class=\"wpb_raw_code wpb_content_element wpb_raw_html\" >\n\t\t<div class=\"wpb_wrapper\">\n\t\t\t<h1 style=\"text-align:center;\">LE HAVRE ATHLETIC CLUB<\/h1>\n\t\t<\/div>\n\t<\/div>\n<div class=\"vc_empty_space\"   style=\"height: 32px\"><span class=\"vc_empty_space_inner\"><\/span><\/div><div class=\"vc_empty_space\"   style=\"height: 32px\"><span class=\"vc_empty_space_inner\"><\/span><\/div><\/div><\/div><\/div><\/div><div class=\"vc_row wpb_row vc_row-fluid\"><div class=\"wpb_column vc_column_container vc_col-sm-6\"><div class=\"vc_column-inner\"><div class=\"wpb_wrapper\">\n\t<div class=\"wpb_raw_code wpb_content_element wpb_raw_html\" >\n\t\t<div class=\"wpb_wrapper\">\n\t\t\t<img decoding=\"async\" style=\"margin-left: 72px;\" src=\"https:\/\/accrosport.tn\/wp-content\/uploads\/2023\/07\/lehavre600300.jpg\" \/>\n\n\n\t\t<\/div>\n\t<\/div>\n<\/div><\/div><\/div><div class=\"wpb_column vc_column_container vc_col-sm-6\"><div class=\"vc_column-inner\"><div class=\"wpb_wrapper\">\n\t<div class=\"wpb_raw_code wpb_content_element wpb_raw_html\" >\n\t\t<div class=\"wpb_wrapper\">\n\t\t\t<p style=\" color:black;  text-align:justify; line-height: 34px;\" >Le Havre Athletic Club est un club de football fran\u00e7ais de la ville du Havre, en Haute-Normandie. Il a \u00e9t\u00e9 cr\u00e9\u00e9 en 1872 et joue en 2e division.\n<\/p>\n\n\t\t<\/div>\n\t<\/div>\n<\/div><\/div><\/div><\/div><div class=\"vc_row wpb_row vc_row-fluid\"><div class=\"wpb_column vc_column_container vc_col-sm-6\"><div class=\"vc_column-inner\"><div class=\"wpb_wrapper\">\n\t<div class=\"wpb_raw_code wpb_content_element wpb_raw_html\" >\n\t\t<div class=\"wpb_wrapper\">\n\t\t\t<p style=\" color:black;  text-align:justify; line-height: 34px;\" >Il s'agit du doyen du football fran\u00e7ais. En 1872, na\u00eet le Havre FC, un club de rugby. En 1882, une section d'athl\u00e9tisme a \u00e9t\u00e9 cr\u00e9\u00e9e et le club est devenu Havre Athletic Club. La section de football a \u00e9t\u00e9 cr\u00e9\u00e9e en 1894. Ce n'est que plus tard que le club opte pour le nom actuel. En 1899 et 1900, l'\u00e9quipe remporte le Championnat de France USFSA, ancienne comp\u00e9tition fran\u00e7aise de football semblable \u00e0 la Coupe de la ligue actuelle. En 1959, le club remporte son premier titre professionnel, la Coupe de France contre FC Sochaux, ainsi que le Challenge des champions (SuperCoupe) la m\u00eame ann\u00e9e contre OGC Nice.\n<\/p>\n\n\t\t<\/div>\n\t<\/div>\n<\/div><\/div><\/div><div class=\"wpb_column vc_column_container vc_col-sm-6\"><div class=\"vc_column-inner\"><div class=\"wpb_wrapper\">\n\t<div class=\"wpb_raw_code wpb_content_element wpb_raw_html\" >\n\t\t<div class=\"wpb_wrapper\">\n\t\t\t<img decoding=\"async\" style=\"margin-left: 72px;\" src=\"https:\/\/accrosport.tn\/wp-content\/uploads\/2023\/07\/20200819_084826_le-havre-01.jpg\" \/>\n\t\t<\/div>\n\t<\/div>\n<\/div><\/div><\/div><\/div>\n","protected":false},"excerpt":{"rendered":"LE HAVRE ATHLETIC CLUB Le Havre Athletic Club est un club de football fran\u00e7ais de la ville du Havre, en Haute-Normandie. Il a \u00e9t\u00e9 cr\u00e9\u00e9 en 1872 et joue en 2e division. Il s'agit du doyen du football fran\u00e7ais. En 1872, na\u00eet le Havre FC, un club de rugby. En 1882, une section d'athl\u00e9tisme a [...]","protected":false},"author":1,"featured_media":0,"parent":0,"menu_order":0,"comment_status":"closed","ping_status":"closed","template":"","meta":{"footnotes":""},"class_list":["post-17833","page","type-page","status-publish","hentry"],"_links":{"self":[{"href":"https:\/\/accrosport.tn\/index.php\/wp-json\/wp\/v2\/pages\/17833","targetHints":{"allow":["GET"]}}],"collection":[{"href":"https:\/\/accrosport.tn\/index.php\/wp-json\/wp\/v2\/pages"}],"about":[{"href":"https:\/\/accrosport.tn\/index.php\/wp-json\/wp\/v2\/types\/page"}],"author":[{"embeddable":true,"href":"https:\/\/accrosport.tn\/index.php\/wp-json\/wp\/v2\/users\/1"}],"replies":[{"embeddable":true,"href":"https:\/\/accrosport.tn\/index.php\/wp-json\/wp\/v2\/comments?post=17833"}],"version-history":[{"count":3,"href":"https:\/\/accrosport.tn\/index.php\/wp-json\/wp\/v2\/pages\/17833\/revisions"}],"predecessor-version":[{"id":17841,"href":"https:\/\/accrosport.tn\/index.php\/wp-json\/wp\/v2\/pages\/17833\/revisions\/17841"}],"wp:attachment":[{"href":"https:\/\/accrosport.tn\/index.php\/wp-json\/wp\/v2\/media?parent=17833"}],"curies":[{"name":"wp","href":"https:\/\/api.w.org\/{rel}","templated":true}]}}