{"id":17787,"date":"2023-07-14T13:54:48","date_gmt":"2023-07-14T13:54:48","guid":{"rendered":"https:\/\/accrosport.tn\/?page_id=17787"},"modified":"2023-07-17T09:16:05","modified_gmt":"2023-07-17T09:16:05","slug":"vts","status":"publish","type":"page","link":"https:\/\/accrosport.tn\/index.php\/vts\/","title":{"rendered":"VTS"},"content":{"rendered":"<div class=\"vc_row wpb_row vc_row-fluid\"><div class=\"wpb_column vc_column_container vc_col-sm-12\"><div class=\"vc_column-inner\"><div class=\"wpb_wrapper\">\n\t<div class=\"wpb_raw_code wpb_content_element wpb_raw_html\" >\n\t\t<div class=\"wpb_wrapper\">\n\t\t\t<h1 style=\"text-align:center;\">VTS<\/h1>\n\t\t<\/div>\n\t<\/div>\n<div class=\"vc_empty_space\"   style=\"height: 32px\"><span class=\"vc_empty_space_inner\"><\/span><\/div>\n\t<div class=\"wpb_raw_code wpb_content_element wpb_raw_html\" >\n\t\t<div class=\"wpb_wrapper\">\n\t\t\t<p style=\" color:black;  text-align:center; line-height: 34px;\">La sueur est l\u2019un des \u00e9l\u00e9ments les plus inconfortables dans le sport. Le syst\u00e8me VTS l\u2019\u00e9liminera \u00e0 vos pieds.\n\n<\/p>\n\t\t<\/div>\n\t<\/div>\n<div class=\"vc_empty_space\"   style=\"height: 32px\"><span class=\"vc_empty_space_inner\"><\/span><\/div><\/div><\/div><\/div><\/div><div class=\"vc_row wpb_row vc_row-fluid\"><div class=\"wpb_column vc_column_container vc_col-sm-6\"><div class=\"vc_column-inner\"><div class=\"wpb_wrapper\">\n\t<div class=\"wpb_raw_code wpb_content_element wpb_raw_html\" >\n\t\t<div class=\"wpb_wrapper\">\n\t\t\t<p style=\" color:black;  text-align:justify; line-height: 34px;\">Gr\u00e2ce au syst\u00e8me VTS, la coupe est fabriqu\u00e9e avec des mat\u00e9riaux qui permettent \u00e0 l'air de p\u00e9n\u00e9trer dans le pied pour le maintenir frais et confortables pendant l'exercice. Des tissus en maille sont utilis\u00e9s \u00e0 l'ext\u00e9rieur, avec des ouvertures plus grandes dans les zones qui en ont le plus besoin, tandis que les couches de mat\u00e9riaux sont r\u00e9duites au minimum \u00e0 l'int\u00e9rieur.<\/p>\n\n\t\t<\/div>\n\t<\/div>\n<\/div><\/div><\/div><div class=\"wpb_column vc_column_container vc_col-sm-6\"><div class=\"vc_column-inner\"><div class=\"wpb_wrapper\">\n\t<div class=\"wpb_raw_code wpb_content_element wpb_raw_html\" >\n\t\t<div class=\"wpb_wrapper\">\n\t\t\t<img decoding=\"async\" style=\"margin-left: 72px;\" src=\"https:\/\/accrosport.tn\/wp-content\/uploads\/2023\/07\/vts-row01-1joma-sport-tunisie.jpg\" \/>\n\n\n\t\t<\/div>\n\t<\/div>\n<\/div><\/div><\/div><\/div><div class=\"vc_row wpb_row vc_row-fluid\"><div class=\"wpb_column vc_column_container vc_col-sm-6\"><div class=\"vc_column-inner\"><div class=\"wpb_wrapper\">\n\t<div class=\"wpb_raw_code wpb_content_element wpb_raw_html\" >\n\t\t<div class=\"wpb_wrapper\">\n\t\t\t<img decoding=\"async\" style=\"margin-left: 72px;\" src=\"https:\/\/accrosport.tn\/wp-content\/uploads\/2023\/07\/vts-row02-joma-sport-tunisie.jpg\" \/>\n\t\t<\/div>\n\t<\/div>\n<\/div><\/div><\/div><div class=\"wpb_column vc_column_container vc_col-sm-6\"><div class=\"vc_column-inner\"><div class=\"wpb_wrapper\">\n\t<div class=\"wpb_raw_code wpb_content_element wpb_raw_html\" >\n\t\t<div class=\"wpb_wrapper\">\n\t\t\t<h1 style=\" font-size:20px; text-align:justify; line-height: 34px; font-weight:bold\">PROFITS<\/h1>\n<br>\n\n<ul style=\" color:black;  text-align:justify; line-height: 34px;\"><li><font style=\"vertical-align: inherit;\"><font style=\"vertical-align: inherit;\">Ventilation maximale du pied qui \u00e9vite la sensation d\u2019humidit\u00e9.\n<\/font><\/font><\/li><li><font style=\"vertical-align: inherit;\"><font style=\"vertical-align: inherit;\">Refroidissement optimal \u00e0 chaque phase de l\u2019exercice.\n<\/font><\/font><\/li><li><font style=\"vertical-align: inherit;\"><font style=\"vertical-align: inherit;\">\ufeffEmp\u00eache la cr\u00e9ation de bact\u00e9ries d\u00e9riv\u00e9es de la sueur.\n\n<\/font><\/font><\/li><\/ul>\n\t\t<\/div>\n\t<\/div>\n<\/div><\/div><\/div><\/div>\n","protected":false},"excerpt":{"rendered":"VTS La sueur est l\u2019un des \u00e9l\u00e9ments les plus inconfortables dans le sport. Le syst\u00e8me VTS l\u2019\u00e9liminera \u00e0 vos pieds. Gr\u00e2ce au syst\u00e8me VTS, la coupe est fabriqu\u00e9e avec des mat\u00e9riaux qui permettent \u00e0 l'air de p\u00e9n\u00e9trer dans le pied pour le maintenir frais et confortables pendant l'exercice. Des tissus en maille sont utilis\u00e9s \u00e0 [...]","protected":false},"author":1,"featured_media":0,"parent":0,"menu_order":0,"comment_status":"closed","ping_status":"closed","template":"","meta":{"footnotes":""},"class_list":["post-17787","page","type-page","status-publish","hentry"],"_links":{"self":[{"href":"https:\/\/accrosport.tn\/index.php\/wp-json\/wp\/v2\/pages\/17787","targetHints":{"allow":["GET"]}}],"collection":[{"href":"https:\/\/accrosport.tn\/index.php\/wp-json\/wp\/v2\/pages"}],"about":[{"href":"https:\/\/accrosport.tn\/index.php\/wp-json\/wp\/v2\/types\/page"}],"author":[{"embeddable":true,"href":"https:\/\/accrosport.tn\/index.php\/wp-json\/wp\/v2\/users\/1"}],"replies":[{"embeddable":true,"href":"https:\/\/accrosport.tn\/index.php\/wp-json\/wp\/v2\/comments?post=17787"}],"version-history":[{"count":6,"href":"https:\/\/accrosport.tn\/index.php\/wp-json\/wp\/v2\/pages\/17787\/revisions"}],"predecessor-version":[{"id":17823,"href":"https:\/\/accrosport.tn\/index.php\/wp-json\/wp\/v2\/pages\/17787\/revisions\/17823"}],"wp:attachment":[{"href":"https:\/\/accrosport.tn\/index.php\/wp-json\/wp\/v2\/media?parent=17787"}],"curies":[{"name":"wp","href":"https:\/\/api.w.org\/{rel}","templated":true}]}}