{"id":17710,"date":"2023-07-07T08:44:51","date_gmt":"2023-07-07T08:44:51","guid":{"rendered":"https:\/\/accrosport.tn\/?page_id=17710"},"modified":"2023-07-07T08:58:33","modified_gmt":"2023-07-07T08:58:33","slug":"joma-sportech","status":"publish","type":"page","link":"https:\/\/accrosport.tn\/index.php\/joma-sportech\/","title":{"rendered":"Joma Sportech"},"content":{"rendered":"<div class=\"vc_row wpb_row vc_row-fluid\"><div class=\"wpb_column vc_column_container vc_col-sm-12\"><div class=\"vc_column-inner\"><div class=\"wpb_wrapper\">\n\t<div class=\"wpb_raw_code wpb_content_element wpb_raw_html\" >\n\t\t<div class=\"wpb_wrapper\">\n\t\t\t<h1 style=\"text-align:center;\">Joma Sportech<\/h1>\n\t\t<\/div>\n\t<\/div>\n<div class=\"vc_empty_space\"   style=\"height: 32px\"><span class=\"vc_empty_space_inner\"><\/span><\/div>\n\t<div class=\"wpb_raw_code wpb_content_element wpb_raw_html\" >\n\t\t<div class=\"wpb_wrapper\">\n\t\t\t<p style=\" color:black;  text-align:center; line-height: 34px;\">Maintien du pied, confort et r\u00e9sistance aux coupures en une seule technologie.\n<\/p>\n\t\t<\/div>\n\t<\/div>\n<div class=\"vc_empty_space\"   style=\"height: 32px\"><span class=\"vc_empty_space_inner\"><\/span><\/div><\/div><\/div><\/div><\/div><div class=\"vc_row wpb_row vc_row-fluid\"><div class=\"wpb_column vc_column_container vc_col-sm-6\"><div class=\"vc_column-inner\"><div class=\"wpb_wrapper\">\n\t<div class=\"wpb_raw_code wpb_content_element wpb_raw_html\" >\n\t\t<div class=\"wpb_wrapper\">\n\t\t\t<p style=\" color:black;  text-align:justify; line-height: 34px;\">Syst\u00e8me d\u00e9velopp\u00e9 par Joma qui consiste en un cadre en caoutchouc ou en TPU inject\u00e9 sur la tige pour ajuster confortablement le pied \u00e0 la chaussure, sans coutures ni \u00e9l\u00e9ments rigides. Sa l\u00e9g\u00e8ret\u00e9, sa flexibilit\u00e9 et son ajustement offrent un maximum de confort \u00e0 l'athl\u00e8te.\nSa distribution est \u00e9tudi\u00e9e pour qu'elle soit correcte en fonction de la pratique de chaque sport.\n\n<\/p>\n\n\t\t<\/div>\n\t<\/div>\n<\/div><\/div><\/div><div class=\"wpb_column vc_column_container vc_col-sm-6\"><div class=\"vc_column-inner\"><div class=\"wpb_wrapper\">\n\t<div class=\"wpb_raw_code wpb_content_element wpb_raw_html\" >\n\t\t<div class=\"wpb_wrapper\">\n\t\t\t<img decoding=\"async\" style=\"margin-left: 72px;\" src=\"https:\/\/accrosport.tn\/wp-content\/uploads\/2023\/07\/sportech-joma-sport-tunisie.jpg\" \/>\n\n\n\t\t<\/div>\n\t<\/div>\n<\/div><\/div><\/div><\/div><div class=\"vc_row wpb_row vc_row-fluid\"><div class=\"wpb_column vc_column_container vc_col-sm-6\"><div class=\"vc_column-inner\"><div class=\"wpb_wrapper\">\n\t<div class=\"wpb_raw_code wpb_content_element wpb_raw_html\" >\n\t\t<div class=\"wpb_wrapper\">\n\t\t\t<img decoding=\"async\" style=\"margin-left: 72px;\" src=\"https:\/\/accrosport.tn\/wp-content\/uploads\/2023\/07\/sportech-joma-sport-tunisie-1.jpg\" \/>\n\t\t<\/div>\n\t<\/div>\n<\/div><\/div><\/div><div class=\"wpb_column vc_column_container vc_col-sm-6\"><div class=\"vc_column-inner\"><div class=\"wpb_wrapper\">\n\t<div class=\"wpb_raw_code wpb_content_element wpb_raw_html\" >\n\t\t<div class=\"wpb_wrapper\">\n\t\t\t<h1 style=\" font-size:20px; text-align:justify; line-height: 34px; font-weight:bold\">PROFITS<\/h1>\n<br>\n\n<ul style=\" color:black;  text-align:justify; line-height: 34px;\"><li><font style=\"vertical-align: inherit;\"><font style=\"vertical-align: inherit;\">Le pied ressent le confort des mati\u00e8res souples et sans couture.<\/font><\/font><\/li><li><font style=\"vertical-align: inherit;\"><font style=\"vertical-align: inherit;\">Son tissage \u00e9tudi\u00e9 contribue \u00e0 l'ajustement de la coupe sur le pied.<\/font><\/font><\/li><li><font style=\"vertical-align: inherit;\"><font style=\"vertical-align: inherit;\">R\u00e9duit le poids de la chaussure en diminuant l'\u00e9paisseur des mat\u00e9riaux et en \u00e9liminant les coutures.<\/font><\/font><\/li>\n<li><font style=\"vertical-align: inherit;\"><font style=\"vertical-align: inherit;\">\ufeffContribue \u00e0 la protection du pied.<\/font><\/font><\/li><\/ul>\n\t\t<\/div>\n\t<\/div>\n<\/div><\/div><\/div><\/div>\n","protected":false},"excerpt":{"rendered":"Joma Sportech Maintien du pied, confort et r\u00e9sistance aux coupures en une seule technologie. Syst\u00e8me d\u00e9velopp\u00e9 par Joma qui consiste en un cadre en caoutchouc ou en TPU inject\u00e9 sur la tige pour ajuster confortablement le pied \u00e0 la chaussure, sans coutures ni \u00e9l\u00e9ments rigides. Sa l\u00e9g\u00e8ret\u00e9, sa flexibilit\u00e9 et son ajustement offrent un maximum [...]","protected":false},"author":1,"featured_media":0,"parent":0,"menu_order":0,"comment_status":"closed","ping_status":"closed","template":"","meta":{"footnotes":""},"class_list":["post-17710","page","type-page","status-publish","hentry"],"_links":{"self":[{"href":"https:\/\/accrosport.tn\/index.php\/wp-json\/wp\/v2\/pages\/17710","targetHints":{"allow":["GET"]}}],"collection":[{"href":"https:\/\/accrosport.tn\/index.php\/wp-json\/wp\/v2\/pages"}],"about":[{"href":"https:\/\/accrosport.tn\/index.php\/wp-json\/wp\/v2\/types\/page"}],"author":[{"embeddable":true,"href":"https:\/\/accrosport.tn\/index.php\/wp-json\/wp\/v2\/users\/1"}],"replies":[{"embeddable":true,"href":"https:\/\/accrosport.tn\/index.php\/wp-json\/wp\/v2\/comments?post=17710"}],"version-history":[{"count":3,"href":"https:\/\/accrosport.tn\/index.php\/wp-json\/wp\/v2\/pages\/17710\/revisions"}],"predecessor-version":[{"id":17715,"href":"https:\/\/accrosport.tn\/index.php\/wp-json\/wp\/v2\/pages\/17710\/revisions\/17715"}],"wp:attachment":[{"href":"https:\/\/accrosport.tn\/index.php\/wp-json\/wp\/v2\/media?parent=17710"}],"curies":[{"name":"wp","href":"https:\/\/api.w.org\/{rel}","templated":true}]}}