{"id":17696,"date":"2023-07-07T08:12:01","date_gmt":"2023-07-07T08:12:01","guid":{"rendered":"https:\/\/accrosport.tn\/?page_id=17696"},"modified":"2023-07-07T08:20:56","modified_gmt":"2023-07-07T08:20:56","slug":"flexshield","status":"publish","type":"page","link":"https:\/\/accrosport.tn\/index.php\/flexshield\/","title":{"rendered":"FlexShield"},"content":{"rendered":"<div class=\"vc_row wpb_row vc_row-fluid\"><div class=\"wpb_column vc_column_container vc_col-sm-12\"><div class=\"vc_column-inner\"><div class=\"wpb_wrapper\">\n\t<div class=\"wpb_raw_code wpb_content_element wpb_raw_html\" >\n\t\t<div class=\"wpb_wrapper\">\n\t\t\t<h1 style=\"text-align:center;\">FlexShield<\/h1>\n\t\t<\/div>\n\t<\/div>\n<div class=\"vc_empty_space\"   style=\"height: 32px\"><span class=\"vc_empty_space_inner\"><\/span><\/div>\n\t<div class=\"wpb_raw_code wpb_content_element wpb_raw_html\" >\n\t\t<div class=\"wpb_wrapper\">\n\t\t\t<p style=\" color:black;  text-align:center; line-height: 34px;\">Cr\u00e9er une coque de protection confortable et flexible autour du pied n'est pas facile. Joma y est parvenu avec le syst\u00e8me FLEXSHIELD.\n<\/p>\n\t\t<\/div>\n\t<\/div>\n<div class=\"vc_empty_space\"   style=\"height: 32px\"><span class=\"vc_empty_space_inner\"><\/span><\/div><\/div><\/div><\/div><\/div><div class=\"vc_row wpb_row vc_row-fluid\"><div class=\"wpb_column vc_column_container vc_col-sm-6\"><div class=\"vc_column-inner\"><div class=\"wpb_wrapper\">\n\t<div class=\"wpb_raw_code wpb_content_element wpb_raw_html\" >\n\t\t<div class=\"wpb_wrapper\">\n\t\t\t<p style=\" color:black;  text-align:justify; line-height: 34px;\">La nouvelle technologie FLEXSHIELD est l'une des technologies les plus compl\u00e8tes d\u00e9velopp\u00e9es par Joma. La triple fonction du syst\u00e8me FLEXSHIELD a \u00e9t\u00e9 \u00e9tudi\u00e9e par l'\u00e9quipe R & D & I de Joma pour maximiser les avantages de ses technologies.\nFLEXSHIELD consiste en une distribution ergonomique sur la tige d'une structure qui ajuste la chaussure au pied, contribuant ainsi \u00e0 la stabilit\u00e9, \u00e0 la protection et \u00e0 la r\u00e9sistance. Tout, depuis le confort des mat\u00e9riaux, a \u00e9t\u00e9 \u00e9tudi\u00e9 en profondeur.\n\n<\/p>\n\n\t\t<\/div>\n\t<\/div>\n<\/div><\/div><\/div><div class=\"wpb_column vc_column_container vc_col-sm-6\"><div class=\"vc_column-inner\"><div class=\"wpb_wrapper\">\n\t<div class=\"wpb_raw_code wpb_content_element wpb_raw_html\" >\n\t\t<div class=\"wpb_wrapper\">\n\t\t\t<img decoding=\"async\" style=\"margin-left: 72px;\" src=\"https:\/\/accrosport.tn\/wp-content\/uploads\/2023\/07\/flexshield-joma-sport-tunisie.jpg\" \/>\n\n\n\t\t<\/div>\n\t<\/div>\n<\/div><\/div><\/div><\/div><div class=\"vc_row wpb_row vc_row-fluid\"><div class=\"wpb_column vc_column_container vc_col-sm-6\"><div class=\"vc_column-inner\"><div class=\"wpb_wrapper\">\n\t<div class=\"wpb_raw_code wpb_content_element wpb_raw_html\" >\n\t\t<div class=\"wpb_wrapper\">\n\t\t\t<img decoding=\"async\" style=\"margin-left: 72px;\" src=\"https:\/\/accrosport.tn\/wp-content\/uploads\/2023\/07\/flexshield-joma-sport-tunisie-1.jpg\" \/>\n\t\t<\/div>\n\t<\/div>\n<\/div><\/div><\/div><div class=\"wpb_column vc_column_container vc_col-sm-6\"><div class=\"vc_column-inner\"><div class=\"wpb_wrapper\">\n\t<div class=\"wpb_raw_code wpb_content_element wpb_raw_html\" >\n\t\t<div class=\"wpb_wrapper\">\n\t\t\t<h1 style=\" font-size:20px; text-align:justify; line-height: 34px; font-weight:bold\">PROFITS<\/h1>\n<br>\n\n<ul style=\" color:black;  text-align:justify; line-height: 34px;\"><li><font style=\"vertical-align: inherit;\"><font style=\"vertical-align: inherit;\">Cr\u00e9e un bouclier de protection du pied contre les agressions ext\u00e9rieures.<\/font><\/font><\/li><li><font style=\"vertical-align: inherit;\"><font style=\"vertical-align: inherit;\">Assure la stabilit\u00e9 gr\u00e2ce au support de la partie centrale du pied.<\/font><\/font><\/li><li><font style=\"vertical-align: inherit;\"><font style=\"vertical-align: inherit;\">Coupe confortable.<\/font><\/font><\/li><\/ul>\n\t\t<\/div>\n\t<\/div>\n<\/div><\/div><\/div><\/div>\n","protected":false},"excerpt":{"rendered":"FlexShield Cr\u00e9er une coque de protection confortable et flexible autour du pied n'est pas facile. Joma y est parvenu avec le syst\u00e8me FLEXSHIELD. La nouvelle technologie FLEXSHIELD est l'une des technologies les plus compl\u00e8tes d\u00e9velopp\u00e9es par Joma. La triple fonction du syst\u00e8me FLEXSHIELD a \u00e9t\u00e9 \u00e9tudi\u00e9e par l'\u00e9quipe R & D & I de Joma [...]","protected":false},"author":1,"featured_media":0,"parent":0,"menu_order":0,"comment_status":"closed","ping_status":"closed","template":"","meta":{"footnotes":""},"class_list":["post-17696","page","type-page","status-publish","hentry"],"_links":{"self":[{"href":"https:\/\/accrosport.tn\/index.php\/wp-json\/wp\/v2\/pages\/17696","targetHints":{"allow":["GET"]}}],"collection":[{"href":"https:\/\/accrosport.tn\/index.php\/wp-json\/wp\/v2\/pages"}],"about":[{"href":"https:\/\/accrosport.tn\/index.php\/wp-json\/wp\/v2\/types\/page"}],"author":[{"embeddable":true,"href":"https:\/\/accrosport.tn\/index.php\/wp-json\/wp\/v2\/users\/1"}],"replies":[{"embeddable":true,"href":"https:\/\/accrosport.tn\/index.php\/wp-json\/wp\/v2\/comments?post=17696"}],"version-history":[{"count":3,"href":"https:\/\/accrosport.tn\/index.php\/wp-json\/wp\/v2\/pages\/17696\/revisions"}],"predecessor-version":[{"id":17702,"href":"https:\/\/accrosport.tn\/index.php\/wp-json\/wp\/v2\/pages\/17696\/revisions\/17702"}],"wp:attachment":[{"href":"https:\/\/accrosport.tn\/index.php\/wp-json\/wp\/v2\/media?parent=17696"}],"curies":[{"name":"wp","href":"https:\/\/api.w.org\/{rel}","templated":true}]}}